{"id":1626,"date":"2019-12-30T12:07:49","date_gmt":"2019-12-30T10:07:49","guid":{"rendered":"https:\/\/monabelladisain.ee\/portfolio-grid-five-columns\/"},"modified":"2019-12-30T12:07:49","modified_gmt":"2019-12-30T10:07:49","slug":"portfolio-grid-five-columns","status":"publish","type":"page","link":"https:\/\/monabelladisain.ee\/en\/portfolio-grid-five-columns\/","title":{"rendered":"Portfolio grid five columns"},"content":{"rendered":"<section id=\"bt_bb_section69e1ed2e1c1b0\" class=\"bt_bb_section bt_bb_layout_boxed_1600 bt_bb_vertical_align_top bt_bb_top_spacing_medium bt_bb_bottom_spacing_medium\"  data-bt-override-class=\"null\"><div class=\"bt_bb_port\"><div class=\"bt_bb_cell\"><div class=\"bt_bb_cell_inner\"><div class=\"bt_bb_row \"  data-bt-override-class=\"{}\"><div class=\"bt_bb_row_holder\" ><div  class=\"bt_bb_column col-xxl-12 col-xl-12 bt_bb_vertical_align_top bt_bb_align_left bt_bb_padding_normal\" style=\"; --column-width:12;\" data-width=\"12\" data-bt-override-class=\"{}\"><div class=\"bt_bb_column_content\"><div class=\"bt_bb_column_content_inner\"><div class=\"bt_bb_masonry_portfolio_grid bt_bb_grid_container bt_bb_columns_5 bt_bb_gap_normal bt_bb_look_image_above\" data-columns=\"5\"><div class=\"bt_bb_post_grid_loader\"><span class=\"box1\"><\/span><span class=\"box2\"><\/span><span class=\"box3\"><\/span><span class=\"box4\"><\/span><span class=\"box5\"><\/span><\/div><div class=\"bt_bb_masonry_portfolio_grid_content bt_bb_grid_hide\" data-bt-nonce=\"8f58fa7be1\" data-number-portfolio=\"1000\" data-category-portfolio=\"\" data-post-type=\"portfolio\" data-show-portfolio=\"%7B%22category%22%3Afalse%2C%22date%22%3Afalse%2C%22author%22%3Atrue%2C%22comments%22%3Atrue%2C%22excerpt%22%3Atrue%2C%22share%22%3Atrue%2C%22read_more%22%3Afalse%7D\" data-date-design=\"\"  data-target=\"_self\"><div class=\"bt_bb_grid_sizer\"><\/div><\/div><\/div><\/div><\/div><\/div><\/div><\/div><\/div><!-- cell_inner --><\/div><!-- cell --><\/div><!-- port --><\/section>\n","protected":false},"excerpt":{"rendered":"<p>Appropriately empower dynamic leadership skills after business portals. Globally myocardinate interactive supply chains with distinctive quality vectors. Globally revolutionise global sources through interoperable services.<\/p>\n","protected":false},"author":1,"featured_media":1513,"parent":0,"menu_order":0,"comment_status":"closed","ping_status":"closed","template":"","meta":{"_monsterinsights_skip_tracking":false,"_monsterinsights_sitenote_active":false,"_monsterinsights_sitenote_note":"","_monsterinsights_sitenote_category":0,"footnotes":""},"class_list":["post-1626","page","type-page","status-publish","has-post-thumbnail","hentry"],"yoast_head":"<!-- This site is optimized with the Yoast SEO plugin v27.3 - https:\/\/yoast.com\/product\/yoast-seo-wordpress\/ -->\n<title>Portfolio grid five columns - Monabella Disain - armastusega valminud k\u00f5rvar\u00f5ngad<\/title>\n<meta name=\"robots\" content=\"index, follow, max-snippet:-1, max-image-preview:large, max-video-preview:-1\" \/>\n<link rel=\"canonical\" href=\"https:\/\/monabelladisain.ee\/portfolio-grid-five-columns\/\" \/>\n<meta property=\"og:locale\" content=\"en_US\" \/>\n<meta property=\"og:type\" content=\"article\" \/>\n<meta property=\"og:title\" content=\"Portfolio grid five columns - Monabella Disain - armastusega valminud k\u00f5rvar\u00f5ngad\" \/>\n<meta property=\"og:description\" content=\"Appropriately empower dynamic leadership skills after business portals. Globally myocardinate interactive supply chains with distinctive quality vectors. Globally revolutionise global sources through interoperable services.\" \/>\n<meta property=\"og:url\" content=\"https:\/\/monabelladisain.ee\/portfolio-grid-five-columns\/\" \/>\n<meta property=\"og:site_name\" content=\"Monabella Disain - armastusega valminud k\u00f5rvar\u00f5ngad\" \/>\n<meta property=\"article:publisher\" content=\"https:\/\/www.facebook.com\/people\/MonaBella-Disain\/61550327056181\/\" \/>\n<meta property=\"og:image\" content=\"https:\/\/monabelladisain.ee\/wp-content\/uploads\/2020\/01\/featured_image_shop_cart.jpg\" \/>\n\t<meta property=\"og:image:width\" content=\"1920\" \/>\n\t<meta property=\"og:image:height\" content=\"1100\" \/>\n\t<meta property=\"og:image:type\" content=\"image\/jpeg\" \/>\n<meta name=\"twitter:card\" content=\"summary_large_image\" \/>\n<meta name=\"twitter:label1\" content=\"Est. reading time\" \/>\n\t<meta name=\"twitter:data1\" content=\"1 minute\" \/>\n<script type=\"application\/ld+json\" class=\"yoast-schema-graph\">{\"@context\":\"https:\\\/\\\/schema.org\",\"@graph\":[{\"@type\":\"WebPage\",\"@id\":\"https:\\\/\\\/monabelladisain.ee\\\/portfolio-grid-five-columns\\\/\",\"url\":\"https:\\\/\\\/monabelladisain.ee\\\/portfolio-grid-five-columns\\\/\",\"name\":\"Portfolio grid five columns - Monabella Disain - armastusega valminud k\u00f5rvar\u00f5ngad\",\"isPartOf\":{\"@id\":\"https:\\\/\\\/monabelladisain.ee\\\/#website\"},\"primaryImageOfPage\":{\"@id\":\"https:\\\/\\\/monabelladisain.ee\\\/portfolio-grid-five-columns\\\/#primaryimage\"},\"image\":{\"@id\":\"https:\\\/\\\/monabelladisain.ee\\\/portfolio-grid-five-columns\\\/#primaryimage\"},\"thumbnailUrl\":\"https:\\\/\\\/monabelladisain.ee\\\/wp-content\\\/uploads\\\/2020\\\/01\\\/featured_image_shop_cart.jpg\",\"datePublished\":\"2019-12-30T10:07:49+00:00\",\"breadcrumb\":{\"@id\":\"https:\\\/\\\/monabelladisain.ee\\\/portfolio-grid-five-columns\\\/#breadcrumb\"},\"inLanguage\":\"en-US\",\"potentialAction\":[{\"@type\":\"ReadAction\",\"target\":[\"https:\\\/\\\/monabelladisain.ee\\\/portfolio-grid-five-columns\\\/\"]}]},{\"@type\":\"ImageObject\",\"inLanguage\":\"en-US\",\"@id\":\"https:\\\/\\\/monabelladisain.ee\\\/portfolio-grid-five-columns\\\/#primaryimage\",\"url\":\"https:\\\/\\\/monabelladisain.ee\\\/wp-content\\\/uploads\\\/2020\\\/01\\\/featured_image_shop_cart.jpg\",\"contentUrl\":\"https:\\\/\\\/monabelladisain.ee\\\/wp-content\\\/uploads\\\/2020\\\/01\\\/featured_image_shop_cart.jpg\",\"width\":1920,\"height\":1100},{\"@type\":\"BreadcrumbList\",\"@id\":\"https:\\\/\\\/monabelladisain.ee\\\/portfolio-grid-five-columns\\\/#breadcrumb\",\"itemListElement\":[{\"@type\":\"ListItem\",\"position\":1,\"name\":\"Home\",\"item\":\"https:\\\/\\\/monabelladisain.ee\\\/\"},{\"@type\":\"ListItem\",\"position\":2,\"name\":\"Portfolio grid five columns\"}]},{\"@type\":\"WebSite\",\"@id\":\"https:\\\/\\\/monabelladisain.ee\\\/#website\",\"url\":\"https:\\\/\\\/monabelladisain.ee\\\/\",\"name\":\"Monabella Disain - armastusega valminud k\u00f5rvar\u00f5ngad\",\"description\":\"Loodusl\u00e4hedased ja kerged Eestis disainitud k\u00f5rvar\u00f5ngad\",\"publisher\":{\"@id\":\"https:\\\/\\\/monabelladisain.ee\\\/#organization\"},\"potentialAction\":[{\"@type\":\"SearchAction\",\"target\":{\"@type\":\"EntryPoint\",\"urlTemplate\":\"https:\\\/\\\/monabelladisain.ee\\\/?s={search_term_string}\"},\"query-input\":{\"@type\":\"PropertyValueSpecification\",\"valueRequired\":true,\"valueName\":\"search_term_string\"}}],\"inLanguage\":\"en-US\"},{\"@type\":\"Organization\",\"@id\":\"https:\\\/\\\/monabelladisain.ee\\\/#organization\",\"name\":\"Monabella O\u00dc\",\"url\":\"https:\\\/\\\/monabelladisain.ee\\\/\",\"logo\":{\"@type\":\"ImageObject\",\"inLanguage\":\"en-US\",\"@id\":\"https:\\\/\\\/monabelladisain.ee\\\/#\\\/schema\\\/logo\\\/image\\\/\",\"url\":\"https:\\\/\\\/monabelladisain.ee\\\/wp-content\\\/uploads\\\/2024\\\/10\\\/Monabella-Disain-logo.png\",\"contentUrl\":\"https:\\\/\\\/monabelladisain.ee\\\/wp-content\\\/uploads\\\/2024\\\/10\\\/Monabella-Disain-logo.png\",\"width\":300,\"height\":300,\"caption\":\"Monabella O\u00dc\"},\"image\":{\"@id\":\"https:\\\/\\\/monabelladisain.ee\\\/#\\\/schema\\\/logo\\\/image\\\/\"},\"sameAs\":[\"https:\\\/\\\/www.facebook.com\\\/people\\\/MonaBella-Disain\\\/61550327056181\\\/\"]}]}<\/script>\n<!-- \/ Yoast SEO plugin. -->","yoast_head_json":{"title":"Portfolio grid five columns - Monabella Disain - armastusega valminud k\u00f5rvar\u00f5ngad","robots":{"index":"index","follow":"follow","max-snippet":"max-snippet:-1","max-image-preview":"max-image-preview:large","max-video-preview":"max-video-preview:-1"},"canonical":"https:\/\/monabelladisain.ee\/portfolio-grid-five-columns\/","og_locale":"en_US","og_type":"article","og_title":"Portfolio grid five columns - Monabella Disain - armastusega valminud k\u00f5rvar\u00f5ngad","og_description":"Appropriately empower dynamic leadership skills after business portals. Globally myocardinate interactive supply chains with distinctive quality vectors. Globally revolutionise global sources through interoperable services.","og_url":"https:\/\/monabelladisain.ee\/portfolio-grid-five-columns\/","og_site_name":"Monabella Disain - armastusega valminud k\u00f5rvar\u00f5ngad","article_publisher":"https:\/\/www.facebook.com\/people\/MonaBella-Disain\/61550327056181\/","og_image":[{"width":1920,"height":1100,"url":"https:\/\/monabelladisain.ee\/wp-content\/uploads\/2020\/01\/featured_image_shop_cart.jpg","type":"image\/jpeg"}],"twitter_card":"summary_large_image","twitter_misc":{"Est. reading time":"1 minute"},"schema":{"@context":"https:\/\/schema.org","@graph":[{"@type":"WebPage","@id":"https:\/\/monabelladisain.ee\/portfolio-grid-five-columns\/","url":"https:\/\/monabelladisain.ee\/portfolio-grid-five-columns\/","name":"Portfolio grid five columns - Monabella Disain - armastusega valminud k\u00f5rvar\u00f5ngad","isPartOf":{"@id":"https:\/\/monabelladisain.ee\/#website"},"primaryImageOfPage":{"@id":"https:\/\/monabelladisain.ee\/portfolio-grid-five-columns\/#primaryimage"},"image":{"@id":"https:\/\/monabelladisain.ee\/portfolio-grid-five-columns\/#primaryimage"},"thumbnailUrl":"https:\/\/monabelladisain.ee\/wp-content\/uploads\/2020\/01\/featured_image_shop_cart.jpg","datePublished":"2019-12-30T10:07:49+00:00","breadcrumb":{"@id":"https:\/\/monabelladisain.ee\/portfolio-grid-five-columns\/#breadcrumb"},"inLanguage":"en-US","potentialAction":[{"@type":"ReadAction","target":["https:\/\/monabelladisain.ee\/portfolio-grid-five-columns\/"]}]},{"@type":"ImageObject","inLanguage":"en-US","@id":"https:\/\/monabelladisain.ee\/portfolio-grid-five-columns\/#primaryimage","url":"https:\/\/monabelladisain.ee\/wp-content\/uploads\/2020\/01\/featured_image_shop_cart.jpg","contentUrl":"https:\/\/monabelladisain.ee\/wp-content\/uploads\/2020\/01\/featured_image_shop_cart.jpg","width":1920,"height":1100},{"@type":"BreadcrumbList","@id":"https:\/\/monabelladisain.ee\/portfolio-grid-five-columns\/#breadcrumb","itemListElement":[{"@type":"ListItem","position":1,"name":"Home","item":"https:\/\/monabelladisain.ee\/"},{"@type":"ListItem","position":2,"name":"Portfolio grid five columns"}]},{"@type":"WebSite","@id":"https:\/\/monabelladisain.ee\/#website","url":"https:\/\/monabelladisain.ee\/","name":"Monabella Disain - armastusega valminud k\u00f5rvar\u00f5ngad","description":"Loodusl\u00e4hedased ja kerged Eestis disainitud k\u00f5rvar\u00f5ngad","publisher":{"@id":"https:\/\/monabelladisain.ee\/#organization"},"potentialAction":[{"@type":"SearchAction","target":{"@type":"EntryPoint","urlTemplate":"https:\/\/monabelladisain.ee\/?s={search_term_string}"},"query-input":{"@type":"PropertyValueSpecification","valueRequired":true,"valueName":"search_term_string"}}],"inLanguage":"en-US"},{"@type":"Organization","@id":"https:\/\/monabelladisain.ee\/#organization","name":"Monabella O\u00dc","url":"https:\/\/monabelladisain.ee\/","logo":{"@type":"ImageObject","inLanguage":"en-US","@id":"https:\/\/monabelladisain.ee\/#\/schema\/logo\/image\/","url":"https:\/\/monabelladisain.ee\/wp-content\/uploads\/2024\/10\/Monabella-Disain-logo.png","contentUrl":"https:\/\/monabelladisain.ee\/wp-content\/uploads\/2024\/10\/Monabella-Disain-logo.png","width":300,"height":300,"caption":"Monabella O\u00dc"},"image":{"@id":"https:\/\/monabelladisain.ee\/#\/schema\/logo\/image\/"},"sameAs":["https:\/\/www.facebook.com\/people\/MonaBella-Disain\/61550327056181\/"]}]}},"_links":{"self":[{"href":"https:\/\/monabelladisain.ee\/en\/wp-json\/wp\/v2\/pages\/1626","targetHints":{"allow":["GET"]}}],"collection":[{"href":"https:\/\/monabelladisain.ee\/en\/wp-json\/wp\/v2\/pages"}],"about":[{"href":"https:\/\/monabelladisain.ee\/en\/wp-json\/wp\/v2\/types\/page"}],"author":[{"embeddable":true,"href":"https:\/\/monabelladisain.ee\/en\/wp-json\/wp\/v2\/users\/1"}],"replies":[{"embeddable":true,"href":"https:\/\/monabelladisain.ee\/en\/wp-json\/wp\/v2\/comments?post=1626"}],"version-history":[{"count":0,"href":"https:\/\/monabelladisain.ee\/en\/wp-json\/wp\/v2\/pages\/1626\/revisions"}],"wp:featuredmedia":[{"embeddable":true,"href":"https:\/\/monabelladisain.ee\/en\/wp-json\/wp\/v2\/media\/1513"}],"wp:attachment":[{"href":"https:\/\/monabelladisain.ee\/en\/wp-json\/wp\/v2\/media?parent=1626"}],"curies":[{"name":"wp","href":"https:\/\/api.w.org\/{rel}","templated":true}]}}