{"id":1606,"date":"2019-12-30T11:35:47","date_gmt":"2019-12-30T09:35:47","guid":{"rendered":"https:\/\/monabelladisain.ee\/news-single\/"},"modified":"2019-12-30T11:35:47","modified_gmt":"2019-12-30T09:35:47","slug":"news-single","status":"publish","type":"page","link":"https:\/\/monabelladisain.ee\/en\/news-single\/","title":{"rendered":"News single"},"content":{"rendered":"","protected":false},"excerpt":{"rendered":"","protected":false},"author":1,"featured_media":0,"parent":0,"menu_order":0,"comment_status":"closed","ping_status":"closed","template":"","meta":{"_monsterinsights_skip_tracking":false,"_monsterinsights_sitenote_active":false,"_monsterinsights_sitenote_note":"","_monsterinsights_sitenote_category":0,"footnotes":""},"class_list":["post-1606","page","type-page","status-publish","hentry"],"yoast_head":"<!-- This site is optimized with the Yoast SEO plugin v27.3 - https:\/\/yoast.com\/product\/yoast-seo-wordpress\/ -->\n<title>News single - Monabella Disain - armastusega valminud k\u00f5rvar\u00f5ngad<\/title>\n<meta name=\"robots\" content=\"index, follow, max-snippet:-1, max-image-preview:large, max-video-preview:-1\" \/>\n<link rel=\"canonical\" href=\"https:\/\/monabelladisain.ee\/news-single\/\" \/>\n<meta property=\"og:locale\" content=\"en_US\" \/>\n<meta property=\"og:type\" content=\"article\" \/>\n<meta property=\"og:title\" content=\"News single - Monabella Disain - armastusega valminud k\u00f5rvar\u00f5ngad\" \/>\n<meta property=\"og:url\" content=\"https:\/\/monabelladisain.ee\/news-single\/\" \/>\n<meta property=\"og:site_name\" content=\"Monabella Disain - armastusega valminud k\u00f5rvar\u00f5ngad\" \/>\n<meta property=\"article:publisher\" content=\"https:\/\/www.facebook.com\/people\/MonaBella-Disain\/61550327056181\/\" \/>\n<meta name=\"twitter:card\" content=\"summary_large_image\" \/>\n<script type=\"application\/ld+json\" class=\"yoast-schema-graph\">{\"@context\":\"https:\\\/\\\/schema.org\",\"@graph\":[{\"@type\":\"WebPage\",\"@id\":\"https:\\\/\\\/monabelladisain.ee\\\/news-single\\\/\",\"url\":\"https:\\\/\\\/monabelladisain.ee\\\/news-single\\\/\",\"name\":\"News single - Monabella Disain - armastusega valminud k\u00f5rvar\u00f5ngad\",\"isPartOf\":{\"@id\":\"https:\\\/\\\/monabelladisain.ee\\\/#website\"},\"datePublished\":\"2019-12-30T09:35:47+00:00\",\"breadcrumb\":{\"@id\":\"https:\\\/\\\/monabelladisain.ee\\\/news-single\\\/#breadcrumb\"},\"inLanguage\":\"en-US\",\"potentialAction\":[{\"@type\":\"ReadAction\",\"target\":[\"https:\\\/\\\/monabelladisain.ee\\\/news-single\\\/\"]}]},{\"@type\":\"BreadcrumbList\",\"@id\":\"https:\\\/\\\/monabelladisain.ee\\\/news-single\\\/#breadcrumb\",\"itemListElement\":[{\"@type\":\"ListItem\",\"position\":1,\"name\":\"Home\",\"item\":\"https:\\\/\\\/monabelladisain.ee\\\/\"},{\"@type\":\"ListItem\",\"position\":2,\"name\":\"News single\"}]},{\"@type\":\"WebSite\",\"@id\":\"https:\\\/\\\/monabelladisain.ee\\\/#website\",\"url\":\"https:\\\/\\\/monabelladisain.ee\\\/\",\"name\":\"Monabella Disain - armastusega valminud k\u00f5rvar\u00f5ngad\",\"description\":\"Loodusl\u00e4hedased ja kerged Eestis disainitud k\u00f5rvar\u00f5ngad\",\"publisher\":{\"@id\":\"https:\\\/\\\/monabelladisain.ee\\\/#organization\"},\"potentialAction\":[{\"@type\":\"SearchAction\",\"target\":{\"@type\":\"EntryPoint\",\"urlTemplate\":\"https:\\\/\\\/monabelladisain.ee\\\/?s={search_term_string}\"},\"query-input\":{\"@type\":\"PropertyValueSpecification\",\"valueRequired\":true,\"valueName\":\"search_term_string\"}}],\"inLanguage\":\"en-US\"},{\"@type\":\"Organization\",\"@id\":\"https:\\\/\\\/monabelladisain.ee\\\/#organization\",\"name\":\"Monabella O\u00dc\",\"url\":\"https:\\\/\\\/monabelladisain.ee\\\/\",\"logo\":{\"@type\":\"ImageObject\",\"inLanguage\":\"en-US\",\"@id\":\"https:\\\/\\\/monabelladisain.ee\\\/#\\\/schema\\\/logo\\\/image\\\/\",\"url\":\"https:\\\/\\\/monabelladisain.ee\\\/wp-content\\\/uploads\\\/2024\\\/10\\\/Monabella-Disain-logo.png\",\"contentUrl\":\"https:\\\/\\\/monabelladisain.ee\\\/wp-content\\\/uploads\\\/2024\\\/10\\\/Monabella-Disain-logo.png\",\"width\":300,\"height\":300,\"caption\":\"Monabella O\u00dc\"},\"image\":{\"@id\":\"https:\\\/\\\/monabelladisain.ee\\\/#\\\/schema\\\/logo\\\/image\\\/\"},\"sameAs\":[\"https:\\\/\\\/www.facebook.com\\\/people\\\/MonaBella-Disain\\\/61550327056181\\\/\"]}]}<\/script>\n<!-- \/ Yoast SEO plugin. -->","yoast_head_json":{"title":"News single - Monabella Disain - armastusega valminud k\u00f5rvar\u00f5ngad","robots":{"index":"index","follow":"follow","max-snippet":"max-snippet:-1","max-image-preview":"max-image-preview:large","max-video-preview":"max-video-preview:-1"},"canonical":"https:\/\/monabelladisain.ee\/news-single\/","og_locale":"en_US","og_type":"article","og_title":"News single - Monabella Disain - armastusega valminud k\u00f5rvar\u00f5ngad","og_url":"https:\/\/monabelladisain.ee\/news-single\/","og_site_name":"Monabella Disain - armastusega valminud k\u00f5rvar\u00f5ngad","article_publisher":"https:\/\/www.facebook.com\/people\/MonaBella-Disain\/61550327056181\/","twitter_card":"summary_large_image","schema":{"@context":"https:\/\/schema.org","@graph":[{"@type":"WebPage","@id":"https:\/\/monabelladisain.ee\/news-single\/","url":"https:\/\/monabelladisain.ee\/news-single\/","name":"News single - Monabella Disain - armastusega valminud k\u00f5rvar\u00f5ngad","isPartOf":{"@id":"https:\/\/monabelladisain.ee\/#website"},"datePublished":"2019-12-30T09:35:47+00:00","breadcrumb":{"@id":"https:\/\/monabelladisain.ee\/news-single\/#breadcrumb"},"inLanguage":"en-US","potentialAction":[{"@type":"ReadAction","target":["https:\/\/monabelladisain.ee\/news-single\/"]}]},{"@type":"BreadcrumbList","@id":"https:\/\/monabelladisain.ee\/news-single\/#breadcrumb","itemListElement":[{"@type":"ListItem","position":1,"name":"Home","item":"https:\/\/monabelladisain.ee\/"},{"@type":"ListItem","position":2,"name":"News single"}]},{"@type":"WebSite","@id":"https:\/\/monabelladisain.ee\/#website","url":"https:\/\/monabelladisain.ee\/","name":"Monabella Disain - armastusega valminud k\u00f5rvar\u00f5ngad","description":"Loodusl\u00e4hedased ja kerged Eestis disainitud k\u00f5rvar\u00f5ngad","publisher":{"@id":"https:\/\/monabelladisain.ee\/#organization"},"potentialAction":[{"@type":"SearchAction","target":{"@type":"EntryPoint","urlTemplate":"https:\/\/monabelladisain.ee\/?s={search_term_string}"},"query-input":{"@type":"PropertyValueSpecification","valueRequired":true,"valueName":"search_term_string"}}],"inLanguage":"en-US"},{"@type":"Organization","@id":"https:\/\/monabelladisain.ee\/#organization","name":"Monabella O\u00dc","url":"https:\/\/monabelladisain.ee\/","logo":{"@type":"ImageObject","inLanguage":"en-US","@id":"https:\/\/monabelladisain.ee\/#\/schema\/logo\/image\/","url":"https:\/\/monabelladisain.ee\/wp-content\/uploads\/2024\/10\/Monabella-Disain-logo.png","contentUrl":"https:\/\/monabelladisain.ee\/wp-content\/uploads\/2024\/10\/Monabella-Disain-logo.png","width":300,"height":300,"caption":"Monabella O\u00dc"},"image":{"@id":"https:\/\/monabelladisain.ee\/#\/schema\/logo\/image\/"},"sameAs":["https:\/\/www.facebook.com\/people\/MonaBella-Disain\/61550327056181\/"]}]}},"_links":{"self":[{"href":"https:\/\/monabelladisain.ee\/en\/wp-json\/wp\/v2\/pages\/1606","targetHints":{"allow":["GET"]}}],"collection":[{"href":"https:\/\/monabelladisain.ee\/en\/wp-json\/wp\/v2\/pages"}],"about":[{"href":"https:\/\/monabelladisain.ee\/en\/wp-json\/wp\/v2\/types\/page"}],"author":[{"embeddable":true,"href":"https:\/\/monabelladisain.ee\/en\/wp-json\/wp\/v2\/users\/1"}],"replies":[{"embeddable":true,"href":"https:\/\/monabelladisain.ee\/en\/wp-json\/wp\/v2\/comments?post=1606"}],"version-history":[{"count":0,"href":"https:\/\/monabelladisain.ee\/en\/wp-json\/wp\/v2\/pages\/1606\/revisions"}],"wp:attachment":[{"href":"https:\/\/monabelladisain.ee\/en\/wp-json\/wp\/v2\/media?parent=1606"}],"curies":[{"name":"wp","href":"https:\/\/api.w.org\/{rel}","templated":true}]}}